{"id":30,"date":"2025-11-20T07:43:32","date_gmt":"2025-11-20T07:43:32","guid":{"rendered":"https:\/\/wp8.mystudentblog.com\/?page_id=30"},"modified":"2026-04-09T10:26:11","modified_gmt":"2026-04-09T10:26:11","slug":"le-concept","status":"publish","type":"page","link":"https:\/\/wp8.mystudentblog.com\/?page_id=30","title":{"rendered":"Le Concept"},"content":{"rendered":"\t\t<div data-elementor-type=\"wp-page\" data-elementor-id=\"30\" class=\"elementor elementor-30\">\n\t\t\t\t<div class=\"elementor-element elementor-element-df4f922 e-flex e-con-boxed e-con e-parent\" data-id=\"df4f922\" data-element_type=\"container\">\n\t\t\t\t\t<div class=\"e-con-inner\">\n\t\t<div class=\"elementor-element elementor-element-db0d12c e-con-full e-flex e-con e-child\" data-id=\"db0d12c\" data-element_type=\"container\">\n\t\t\t\t<div class=\"elementor-element elementor-element-ad18551 elementor-widget elementor-widget-image\" data-id=\"ad18551\" data-element_type=\"widget\" data-widget_type=\"image.default\">\n\t\t\t\t\t\t\t\t\t\t\t\t\t\t\t<img fetchpriority=\"high\" decoding=\"async\" width=\"500\" height=\"375\" src=\"https:\/\/wp8.mystudentblog.com\/wp-content\/uploads\/2025\/11\/beer-bike-newcastle.jpg\" class=\"attachment-large size-large wp-image-49\" alt=\"\" srcset=\"https:\/\/wp8.mystudentblog.com\/wp-content\/uploads\/2025\/11\/beer-bike-newcastle.jpg 500w, https:\/\/wp8.mystudentblog.com\/wp-content\/uploads\/2025\/11\/beer-bike-newcastle-300x225.jpg 300w\" sizes=\"(max-width: 500px) 100vw, 500px\" \/>\t\t\t\t\t\t\t\t\t\t\t\t\t\t\t<\/div>\n\t\t\t\t<div class=\"elementor-element elementor-element-1c8e5aa elementor-widget elementor-widget-text-editor\" data-id=\"1c8e5aa\" data-element_type=\"widget\" data-widget_type=\"text-editor.default\">\n\t\t\t\t\t\t\t\t\t<p>Une fa\u00e7on conviviale et amusante de d\u00e9couvrir la ville de Canet, tout en partageant un verre entre amis !<\/p><p>Accueillant de 8 \u00e0 15 personnes, vous vivrez un moment unique dans une ambiance chaleureuse et d\u00e9contract\u00e9e. Cette activit\u00e9 vous permet de partager une exp\u00e9rience unique tout en savourant des gourmandises sucr\u00e9es ou sal\u00e9es, selon vos envies.<\/p>\t\t\t\t\t\t\t\t<\/div>\n\t\t\t\t<\/div>\n\t\t<div class=\"elementor-element elementor-element-03bca80 e-con-full e-flex e-con e-child\" data-id=\"03bca80\" data-element_type=\"container\">\n\t\t\t\t<div class=\"elementor-element elementor-element-c82271c elementor-widget elementor-widget-text-editor\" data-id=\"c82271c\" data-element_type=\"widget\" data-widget_type=\"text-editor.default\">\n\t\t\t\t\t\t\t\t\t<p>Nous avons d\u00e9cid\u00e9 de mettre en place ce concept pour les locaux comme pour les personnes d\u00e9couvrant la r\u00e9gion : une exp\u00e9rience originale dans laquelle vous pourrez d\u00e9couvrir la ville dans une ambiance conviviale et ludique !<\/p><p>Embarquez pour une aventure \u00e0 bord d&rsquo;un v\u00e9lo-bar et d\u00e9gustez nos planches ap\u00e9ritives et nos boissons de la r\u00e9gion&#8230;<\/p>\t\t\t\t\t\t\t\t<\/div>\n\t\t\t\t<div class=\"elementor-element elementor-element-1899914 elementor-widget elementor-widget-image\" data-id=\"1899914\" data-element_type=\"widget\" data-widget_type=\"image.default\">\n\t\t\t\t\t\t\t\t\t\t\t\t\t\t\t<img decoding=\"async\" width=\"1024\" height=\"801\" src=\"https:\/\/wp8.mystudentblog.com\/wp-content\/uploads\/2025\/11\/party-bike-entre-amis-1024x801.jpg\" class=\"attachment-large size-large wp-image-56\" alt=\"\" srcset=\"https:\/\/wp8.mystudentblog.com\/wp-content\/uploads\/2025\/11\/party-bike-entre-amis-1024x801.jpg 1024w, https:\/\/wp8.mystudentblog.com\/wp-content\/uploads\/2025\/11\/party-bike-entre-amis-300x235.jpg 300w, https:\/\/wp8.mystudentblog.com\/wp-content\/uploads\/2025\/11\/party-bike-entre-amis-768x601.jpg 768w, https:\/\/wp8.mystudentblog.com\/wp-content\/uploads\/2025\/11\/party-bike-entre-amis.jpg 1094w\" sizes=\"(max-width: 1024px) 100vw, 1024px\" \/>\t\t\t\t\t\t\t\t\t\t\t\t\t\t\t<\/div>\n\t\t\t\t<\/div>\n\t\t\t\t\t<\/div>\n\t\t\t\t<\/div>\n\t\t\t\t<\/div>\n\t\t","protected":false},"excerpt":{"rendered":"<p>Une fa\u00e7on conviviale et amusante de d\u00e9couvrir la ville de Canet, tout en partageant un verre entre amis ! Accueillant [&hellip;]<\/p>\n","protected":false},"author":2,"featured_media":0,"parent":0,"menu_order":0,"comment_status":"closed","ping_status":"closed","template":"","meta":{"site-sidebar-layout":"no-sidebar","site-content-layout":"","ast-site-content-layout":"full-width-container","site-content-style":"default","site-sidebar-style":"default","ast-global-header-display":"","ast-banner-title-visibility":"","ast-main-header-display":"","ast-hfb-above-header-display":"","ast-hfb-below-header-display":"","ast-hfb-mobile-header-display":"","site-post-title":"","ast-breadcrumbs-content":"","ast-featured-img":"disabled","footer-sml-layout":"","theme-transparent-header-meta":"","adv-header-id-meta":"","stick-header-meta":"","header-above-stick-meta":"","header-main-stick-meta":"","header-below-stick-meta":"","astra-migrate-meta-layouts":"default","ast-page-background-enabled":"default","ast-page-background-meta":{"desktop":{"background-color":"var(--ast-global-color-5)","background-image":"","background-repeat":"repeat","background-position":"center center","background-size":"auto","background-attachment":"scroll","background-type":"","background-media":"","overlay-type":"","overlay-color":"","overlay-opacity":"","overlay-gradient":""},"tablet":{"background-color":"","background-image":"","background-repeat":"repeat","background-position":"center center","background-size":"auto","background-attachment":"scroll","background-type":"","background-media":"","overlay-type":"","overlay-color":"","overlay-opacity":"","overlay-gradient":""},"mobile":{"background-color":"","background-image":"","background-repeat":"repeat","background-position":"center center","background-size":"auto","background-attachment":"scroll","background-type":"","background-media":"","overlay-type":"","overlay-color":"","overlay-opacity":"","overlay-gradient":""}},"ast-content-background-meta":{"desktop":{"background-color":"var(--ast-global-color-4)","background-image":"","background-repeat":"repeat","background-position":"center center","background-size":"auto","background-attachment":"scroll","background-type":"","background-media":"","overlay-type":"","overlay-color":"","overlay-opacity":"","overlay-gradient":""},"tablet":{"background-color":"var(--ast-global-color-4)","background-image":"","background-repeat":"repeat","background-position":"center center","background-size":"auto","background-attachment":"scroll","background-type":"","background-media":"","overlay-type":"","overlay-color":"","overlay-opacity":"","overlay-gradient":""},"mobile":{"background-color":"var(--ast-global-color-4)","background-image":"","background-repeat":"repeat","background-position":"center center","background-size":"auto","background-attachment":"scroll","background-type":"","background-media":"","overlay-type":"","overlay-color":"","overlay-opacity":"","overlay-gradient":""}},"footnotes":""},"class_list":["post-30","page","type-page","status-publish","hentry"],"_links":{"self":[{"href":"https:\/\/wp8.mystudentblog.com\/index.php?rest_route=\/wp\/v2\/pages\/30","targetHints":{"allow":["GET"]}}],"collection":[{"href":"https:\/\/wp8.mystudentblog.com\/index.php?rest_route=\/wp\/v2\/pages"}],"about":[{"href":"https:\/\/wp8.mystudentblog.com\/index.php?rest_route=\/wp\/v2\/types\/page"}],"author":[{"embeddable":true,"href":"https:\/\/wp8.mystudentblog.com\/index.php?rest_route=\/wp\/v2\/users\/2"}],"replies":[{"embeddable":true,"href":"https:\/\/wp8.mystudentblog.com\/index.php?rest_route=%2Fwp%2Fv2%2Fcomments&post=30"}],"version-history":[{"count":13,"href":"https:\/\/wp8.mystudentblog.com\/index.php?rest_route=\/wp\/v2\/pages\/30\/revisions"}],"predecessor-version":[{"id":145,"href":"https:\/\/wp8.mystudentblog.com\/index.php?rest_route=\/wp\/v2\/pages\/30\/revisions\/145"}],"wp:attachment":[{"href":"https:\/\/wp8.mystudentblog.com\/index.php?rest_route=%2Fwp%2Fv2%2Fmedia&parent=30"}],"curies":[{"name":"wp","href":"https:\/\/api.w.org\/{rel}","templated":true}]}}