{"id":6,"date":"2025-11-13T09:51:29","date_gmt":"2025-11-13T09:51:29","guid":{"rendered":"https:\/\/wp8.mystudentblog.com\/?page_id=6"},"modified":"2026-04-09T11:36:34","modified_gmt":"2026-04-09T11:36:34","slug":"accueil","status":"publish","type":"page","link":"https:\/\/wp8.mystudentblog.com\/","title":{"rendered":"Accueil"},"content":{"rendered":"\t\t<div data-elementor-type=\"wp-page\" data-elementor-id=\"6\" class=\"elementor elementor-6\">\n\t\t\t\t<div class=\"elementor-element elementor-element-6294dc5a e-flex e-con-boxed e-con e-parent\" data-id=\"6294dc5a\" data-element_type=\"container\" data-settings=\"{&quot;background_background&quot;:&quot;classic&quot;}\">\n\t\t\t\t\t<div class=\"e-con-inner\">\n\t\t\t\t<div class=\"elementor-element elementor-element-38651cf4 elementor-widget elementor-widget-heading\" data-id=\"38651cf4\" data-element_type=\"widget\" data-widget_type=\"heading.default\">\n\t\t\t\t\t<h1 class=\"elementor-heading-title elementor-size-default\">Party Bike Canet<\/h1>\t\t\t\t<\/div>\n\t\t\t\t<div class=\"elementor-element elementor-element-317d017a elementor-widget elementor-widget-heading\" data-id=\"317d017a\" data-element_type=\"widget\" data-widget_type=\"heading.default\">\n\t\t\t\t\t<h5 class=\"elementor-heading-title elementor-size-default\">for a life of tomfoolery and mischief<\/h5>\t\t\t\t<\/div>\n\t\t\t\t\t<\/div>\n\t\t\t\t<\/div>\n\t\t<div class=\"elementor-element elementor-element-3ab07fb e-flex e-con-boxed e-con e-parent\" data-id=\"3ab07fb\" data-element_type=\"container\" data-settings=\"{&quot;background_background&quot;:&quot;classic&quot;}\">\n\t\t\t\t\t<div class=\"e-con-inner\">\n\t\t<div class=\"elementor-element elementor-element-4b30fca e-con-full e-flex e-con e-child\" data-id=\"4b30fca\" data-element_type=\"container\">\n\t\t\t\t<div class=\"elementor-element elementor-element-b193683 elementor-widget elementor-widget-image\" data-id=\"b193683\" data-element_type=\"widget\" data-widget_type=\"image.default\">\n\t\t\t\t\t\t\t\t\t\t\t\t\t\t\t<img fetchpriority=\"high\" decoding=\"async\" width=\"1024\" height=\"1024\" src=\"https:\/\/wp8.mystudentblog.com\/wp-content\/uploads\/2025\/11\/image.png\" class=\"attachment-large size-large wp-image-21\" alt=\"\" srcset=\"https:\/\/wp8.mystudentblog.com\/wp-content\/uploads\/2025\/11\/image.png 1024w, https:\/\/wp8.mystudentblog.com\/wp-content\/uploads\/2025\/11\/image-300x300.png 300w, https:\/\/wp8.mystudentblog.com\/wp-content\/uploads\/2025\/11\/image-150x150.png 150w\" sizes=\"(max-width: 1024px) 100vw, 1024px\" \/>\t\t\t\t\t\t\t\t\t\t\t\t\t\t\t<\/div>\n\t\t\t\t<\/div>\n\t\t<div class=\"elementor-element elementor-element-6268c02 e-con-full e-flex e-con e-child\" data-id=\"6268c02\" data-element_type=\"container\">\n\t\t\t\t<div class=\"elementor-element elementor-element-822ff73 elementor-widget elementor-widget-heading\" data-id=\"822ff73\" data-element_type=\"widget\" data-widget_type=\"heading.default\">\n\t\t\t\t\t<h2 class=\"elementor-heading-title elementor-size-default\">Party Bike Canet<\/h2>\t\t\t\t<\/div>\n\t\t\t\t<div class=\"elementor-element elementor-element-69243dd elementor-widget elementor-widget-text-editor\" data-id=\"69243dd\" data-element_type=\"widget\" data-widget_type=\"text-editor.default\">\n\t\t\t\t\t\t\t\t\t<p class=\"cvGsUA direction-ltr align-justify para-style-body\"><span class=\"a_GcMg font-feature-liga-off font-feature-clig-off font-feature-calt-off text-decoration-none text-strikethrough-none\">L\u2019id\u00e9e est de proposer un v\u00e9lo festif qui soit \u00e0 la fois \u00e9cologique, original et convivial.<\/span><\/p><p class=\"cvGsUA direction-ltr align-justify para-style-body\"><span class=\"a_GcMg font-feature-liga-off font-feature-clig-off font-feature-calt-off text-decoration-none text-strikethrough-none\">On offre \u00e0 nos visiteurs un moyen de transport propre et respectueux de l\u2019environnement, qui sort du cadre habituel de la visite touristique.<\/span><\/p><p class=\"cvGsUA direction-ltr align-justify para-style-body\"><span class=\"a_GcMg font-feature-liga-off font-feature-clig-off font-feature-calt-off text-decoration-none text-strikethrough-none\">On favorise la rencontre, le partage et la bonne humeur entre participants.<\/span><\/p><p class=\"cvGsUA direction-ltr align-justify para-style-body\"><span class=\"a_GcMg font-feature-liga-off font-feature-clig-off font-feature-calt-off text-decoration-none text-strikethrough-none\">L\u2019objectif est de cr\u00e9er une exp\u00e9rience \u00e0 la fois durable, amusante et m\u00e9morable pour les visiteurs.<\/span><\/p>\t\t\t\t\t\t\t\t<\/div>\n\t\t\t\t<\/div>\n\t\t\t\t\t<\/div>\n\t\t\t\t<\/div>\n\t\t<div class=\"elementor-element elementor-element-3bdfa09 e-flex e-con-boxed e-con e-parent\" data-id=\"3bdfa09\" data-element_type=\"container\">\n\t\t\t\t\t<div class=\"e-con-inner\">\n\t\t<div class=\"elementor-element elementor-element-3c06205 e-con-full e-flex e-con e-child\" data-id=\"3c06205\" data-element_type=\"container\">\n\t\t\t\t<div class=\"elementor-element elementor-element-26e768c elementor-widget elementor-widget-heading\" data-id=\"26e768c\" data-element_type=\"widget\" data-widget_type=\"heading.default\">\n\t\t\t\t\t<h2 class=\"elementor-heading-title elementor-size-default\">La belle ville de Canet<\/h2>\t\t\t\t<\/div>\n\t\t\t\t<div class=\"elementor-element elementor-element-ca833be elementor-widget elementor-widget-text-editor\" data-id=\"ca833be\" data-element_type=\"widget\" data-widget_type=\"text-editor.default\">\n\t\t\t\t\t\t\t\t\t<article class=\"text-token-text-primary w-full focus:outline-none [--shadow-height:45px] has-data-writing-block:pointer-events-none has-data-writing-block:-mt-(--shadow-height) has-data-writing-block:pt-(--shadow-height) [&amp;:has([data-writing-block])&gt;*]:pointer-events-auto [content-visibility:auto] supports-[content-visibility:auto]:[contain-intrinsic-size:auto_100lvh] scroll-mt-[calc(var(--header-height)+min(200px,max(70px,20svh)))]\" dir=\"auto\" tabindex=\"-1\" data-turn-id=\"request-WEB:efba1d60-193f-48fd-8c3d-0aa36992ec10-0\" data-testid=\"conversation-turn-2\" data-scroll-anchor=\"true\" data-turn=\"assistant\"><div class=\"text-base my-auto mx-auto pb-10 [--thread-content-margin:--spacing(4)] thread-sm:[--thread-content-margin:--spacing(6)] thread-lg:[--thread-content-margin:--spacing(16)] px-(--thread-content-margin)\"><div class=\"[--thread-content-max-width:40rem] thread-lg:[--thread-content-max-width:48rem] mx-auto max-w-(--thread-content-max-width) flex-1 group\/turn-messages focus-visible:outline-hidden relative flex w-full min-w-0 flex-col agent-turn\" tabindex=\"-1\"><div class=\"flex max-w-full flex-col grow\"><div class=\"min-h-8 text-message relative flex w-full flex-col items-end gap-2 text-start break-words whitespace-normal [.text-message+&amp;]:mt-1\" dir=\"auto\" data-message-author-role=\"assistant\" data-message-id=\"ba69a8ac-99b2-44ff-874d-317ebb1ba8ae\" data-message-model-slug=\"gpt-5\"><div class=\"flex w-full flex-col gap-1 empty:hidden first:pt-[1px]\"><div class=\"markdown prose dark:prose-invert w-full break-words light markdown-new-styling\"><p data-start=\"0\" data-end=\"765\" data-is-last-node=\"\" data-is-only-node=\"\">Canet-en-Roussillon, joyau de la c\u00f4te catalane, s\u00e9duit par son m\u00e9lange harmonieux de mer, nature et culture m\u00e9diterran\u00e9enne. Cette station baln\u00e9aire ensoleill\u00e9e, situ\u00e9e \u00e0 quelques kilom\u00e8tres de Perpignan, offre plus de neuf kilom\u00e8tres de plages de sable fin bord\u00e9es par une promenade anim\u00e9e, id\u00e9ale pour les balades en famille ou les soir\u00e9es d\u2019\u00e9t\u00e9. Les amateurs de nature appr\u00e9cieront l\u2019\u00e9tang de Canet-Saint-Nazaire, espace prot\u00e9g\u00e9 abritant de nombreuses esp\u00e8ces d\u2019oiseaux, tandis que les passionn\u00e9s d\u2019histoire pourront fl\u00e2ner dans le vieux village, autour de l\u2019\u00e9glise Saint-Jacques et du ch\u00e2teau vicomtal. Entre activit\u00e9s nautiques, march\u00e9s color\u00e9s et gastronomie locale, Canet-en-Roussillon promet un s\u00e9jour authentique et chaleureux sous le soleil du Roussillon.<\/p><\/div><\/div><\/div><\/div><div class=\"z-0 flex min-h-[46px] justify-start\">\u00a0<\/div><div class=\"mt-3 w-full empty:hidden\"><div class=\"text-center\">\u00a0<\/div><\/div><\/div><\/div><\/article><div class=\"pointer-events-none h-px w-px\" aria-hidden=\"true\" data-edge=\"true\">\u00a0<\/div>\t\t\t\t\t\t\t\t<\/div>\n\t\t\t\t<\/div>\n\t\t<div class=\"elementor-element elementor-element-edd87fd e-con-full e-flex e-con e-child\" data-id=\"edd87fd\" data-element_type=\"container\">\n\t\t\t\t<div class=\"elementor-element elementor-element-520d868 elementor-widget elementor-widget-image\" data-id=\"520d868\" data-element_type=\"widget\" data-widget_type=\"image.default\">\n\t\t\t\t\t\t\t\t\t\t\t\t\t\t\t<img decoding=\"async\" width=\"1024\" height=\"768\" src=\"https:\/\/wp8.mystudentblog.com\/wp-content\/uploads\/2025\/11\/image-1.png\" class=\"attachment-large size-large wp-image-26\" alt=\"\" srcset=\"https:\/\/wp8.mystudentblog.com\/wp-content\/uploads\/2025\/11\/image-1.png 1024w, https:\/\/wp8.mystudentblog.com\/wp-content\/uploads\/2025\/11\/image-1-300x225.png 300w, https:\/\/wp8.mystudentblog.com\/wp-content\/uploads\/2025\/11\/image-1-768x576.png 768w\" sizes=\"(max-width: 1024px) 100vw, 1024px\" \/>\t\t\t\t\t\t\t\t\t\t\t\t\t\t\t<\/div>\n\t\t\t\t<\/div>\n\t\t\t\t\t<\/div>\n\t\t\t\t<\/div>\n\t\t\t\t<\/div>\n\t\t","protected":false},"excerpt":{"rendered":"<p>Party Bike Canet for a life of tomfoolery and mischief Party Bike Canet L\u2019id\u00e9e est de proposer un v\u00e9lo festif [&hellip;]<\/p>\n","protected":false},"author":2,"featured_media":0,"parent":0,"menu_order":0,"comment_status":"closed","ping_status":"closed","template":"","meta":{"site-sidebar-layout":"default","site-content-layout":"","ast-site-content-layout":"default","site-content-style":"default","site-sidebar-style":"default","ast-global-header-display":"","ast-banner-title-visibility":"","ast-main-header-display":"","ast-hfb-above-header-display":"","ast-hfb-below-header-display":"","ast-hfb-mobile-header-display":"","site-post-title":"disabled","ast-breadcrumbs-content":"","ast-featured-img":"","footer-sml-layout":"","theme-transparent-header-meta":"","adv-header-id-meta":"","stick-header-meta":"","header-above-stick-meta":"","header-main-stick-meta":"","header-below-stick-meta":"","astra-migrate-meta-layouts":"default","ast-page-background-enabled":"default","ast-page-background-meta":{"desktop":{"background-color":"var(--ast-global-color-5)","background-image":"","background-repeat":"repeat","background-position":"center center","background-size":"auto","background-attachment":"scroll","background-type":"","background-media":"","overlay-type":"","overlay-color":"","overlay-opacity":"","overlay-gradient":""},"tablet":{"background-color":"","background-image":"","background-repeat":"repeat","background-position":"center center","background-size":"auto","background-attachment":"scroll","background-type":"","background-media":"","overlay-type":"","overlay-color":"","overlay-opacity":"","overlay-gradient":""},"mobile":{"background-color":"","background-image":"","background-repeat":"repeat","background-position":"center center","background-size":"auto","background-attachment":"scroll","background-type":"","background-media":"","overlay-type":"","overlay-color":"","overlay-opacity":"","overlay-gradient":""}},"ast-content-background-meta":{"desktop":{"background-color":"var(--ast-global-color-4)","background-image":"","background-repeat":"repeat","background-position":"center center","background-size":"auto","background-attachment":"scroll","background-type":"","background-media":"","overlay-type":"","overlay-color":"","overlay-opacity":"","overlay-gradient":""},"tablet":{"background-color":"var(--ast-global-color-4)","background-image":"","background-repeat":"repeat","background-position":"center center","background-size":"auto","background-attachment":"scroll","background-type":"","background-media":"","overlay-type":"","overlay-color":"","overlay-opacity":"","overlay-gradient":""},"mobile":{"background-color":"var(--ast-global-color-4)","background-image":"","background-repeat":"repeat","background-position":"center center","background-size":"auto","background-attachment":"scroll","background-type":"","background-media":"","overlay-type":"","overlay-color":"","overlay-opacity":"","overlay-gradient":""}},"footnotes":""},"class_list":["post-6","page","type-page","status-publish","hentry"],"_links":{"self":[{"href":"https:\/\/wp8.mystudentblog.com\/index.php?rest_route=\/wp\/v2\/pages\/6","targetHints":{"allow":["GET"]}}],"collection":[{"href":"https:\/\/wp8.mystudentblog.com\/index.php?rest_route=\/wp\/v2\/pages"}],"about":[{"href":"https:\/\/wp8.mystudentblog.com\/index.php?rest_route=\/wp\/v2\/types\/page"}],"author":[{"embeddable":true,"href":"https:\/\/wp8.mystudentblog.com\/index.php?rest_route=\/wp\/v2\/users\/2"}],"replies":[{"embeddable":true,"href":"https:\/\/wp8.mystudentblog.com\/index.php?rest_route=%2Fwp%2Fv2%2Fcomments&post=6"}],"version-history":[{"count":29,"href":"https:\/\/wp8.mystudentblog.com\/index.php?rest_route=\/wp\/v2\/pages\/6\/revisions"}],"predecessor-version":[{"id":152,"href":"https:\/\/wp8.mystudentblog.com\/index.php?rest_route=\/wp\/v2\/pages\/6\/revisions\/152"}],"wp:attachment":[{"href":"https:\/\/wp8.mystudentblog.com\/index.php?rest_route=%2Fwp%2Fv2%2Fmedia&parent=6"}],"curies":[{"name":"wp","href":"https:\/\/api.w.org\/{rel}","templated":true}]}}